{"id":7495,"date":"2025-05-05T13:25:54","date_gmt":"2025-05-05T13:25:54","guid":{"rendered":"https:\/\/codiceolfattivo.com\/?page_id=7495"},"modified":"2026-02-25T14:59:18","modified_gmt":"2026-02-25T14:59:18","slug":"chi-siamo","status":"publish","type":"page","link":"https:\/\/codiceolfattivo.com\/en\/chi-siamo\/","title":{"rendered":"Who we are"},"content":{"rendered":"<div data-elementor-type=\"wp-page\" data-elementor-id=\"7495\" class=\"elementor elementor-7495\" data-elementor-post-type=\"page\">\n\t\t\t\t<div class=\"elementor-element elementor-element-1ab577e e-flex e-con-boxed e-con e-parent\" data-id=\"1ab577e\" data-element_type=\"container\" data-e-type=\"container\" data-settings=\"{&quot;background_background&quot;:&quot;classic&quot;}\">\n\t\t\t\t\t<div class=\"e-con-inner\">\n\t\t\t\t\t<\/div>\n\t\t\t\t<\/div>\n\t\t<div class=\"elementor-element elementor-element-719fd46a e-flex e-con-boxed e-con e-parent\" data-id=\"719fd46a\" data-element_type=\"container\" data-e-type=\"container\" data-settings=\"{&quot;background_background&quot;:&quot;classic&quot;}\">\n\t\t\t\t\t<div class=\"e-con-inner\">\n\t\t<div class=\"elementor-element elementor-element-754b99f4 e-flex e-con-boxed e-con e-child\" data-id=\"754b99f4\" data-element_type=\"container\" data-e-type=\"container\">\n\t\t\t\t\t<div class=\"e-con-inner\">\n\t\t<div class=\"elementor-element elementor-element-28731f91 e-con-full animated-fast e-flex elementor-invisible e-con e-child\" data-id=\"28731f91\" data-element_type=\"container\" data-e-type=\"container\" data-settings=\"{&quot;animation&quot;:&quot;fadeIn&quot;,&quot;animation_delay&quot;:500}\">\n\t\t\t\t<div class=\"elementor-element elementor-element-1056252c elementor-widget elementor-widget-image\" data-id=\"1056252c\" data-element_type=\"widget\" data-e-type=\"widget\" data-widget_type=\"image.default\">\n\t\t\t\t<div class=\"elementor-widget-container\">\n\t\t\t\t\t\t\t\t\t\t\t\t\t\t\t<img fetchpriority=\"high\" decoding=\"async\" width=\"991\" height=\"1200\" src=\"https:\/\/codiceolfattivo.com\/wp-content\/uploads\/2025\/03\/Screenshot-2025-03-29-alle-18.01.41.jpg\" class=\"attachment-full size-full wp-image-6463\" alt=\"\" srcset=\"https:\/\/codiceolfattivo.com\/wp-content\/uploads\/2025\/03\/Screenshot-2025-03-29-alle-18.01.41.jpg 991w, https:\/\/codiceolfattivo.com\/wp-content\/uploads\/2025\/03\/Screenshot-2025-03-29-alle-18.01.41-600x727.jpg 600w, https:\/\/codiceolfattivo.com\/wp-content\/uploads\/2025\/03\/Screenshot-2025-03-29-alle-18.01.41-460x557.jpg 460w, https:\/\/codiceolfattivo.com\/wp-content\/uploads\/2025\/03\/Screenshot-2025-03-29-alle-18.01.41-760x920.jpg 760w\" sizes=\"(max-width: 991px) 100vw, 991px\" \/>\t\t\t\t\t\t\t\t\t\t\t\t\t\t\t<\/div>\n\t\t\t\t<\/div>\n\t\t\t\t<div class=\"elementor-element elementor-element-61c31da3 elementor-widget elementor-widget-image\" data-id=\"61c31da3\" data-element_type=\"widget\" data-e-type=\"widget\" data-widget_type=\"image.default\">\n\t\t\t\t<div class=\"elementor-widget-container\">\n\t\t\t\t\t\t\t\t\t\t\t\t\t\t\t<img decoding=\"async\" src=\"https:\/\/codiceolfattivo.com\/wp-content\/uploads\/elementor\/thumbs\/about-us-dark-round-r5d4fjw720hv80l4v5lcp1umzmd9jhlkn2upejefeg.png\" title=\"about-us-dark-round.png\" alt=\"about-us-dark-round.png\" loading=\"lazy\" \/>\t\t\t\t\t\t\t\t\t\t\t\t\t\t\t<\/div>\n\t\t\t\t<\/div>\n\t\t\t\t<\/div>\n\t\t<div class=\"elementor-element elementor-element-4c67f633 e-con-full animated-fast e-flex elementor-invisible e-con e-child\" data-id=\"4c67f633\" data-element_type=\"container\" data-e-type=\"container\" data-settings=\"{&quot;animation&quot;:&quot;fadeIn&quot;,&quot;animation_delay&quot;:750}\">\n\t\t\t\t<div class=\"elementor-element elementor-element-1f5abf10 elementor-widget elementor-widget-heading\" data-id=\"1f5abf10\" data-element_type=\"widget\" data-e-type=\"widget\" data-widget_type=\"heading.default\">\n\t\t\t\t<div class=\"elementor-widget-container\">\n\t\t\t\t\t<p class=\"elementor-heading-title elementor-size-default\">Olfactory code<\/p>\t\t\t\t<\/div>\n\t\t\t\t<\/div>\n\t\t\t\t<div class=\"elementor-element elementor-element-791f7e64 elementor-widget__width-initial elementor-widget elementor-widget-heading\" data-id=\"791f7e64\" data-element_type=\"widget\" data-e-type=\"widget\" data-widget_type=\"heading.default\">\n\t\t\t\t<div class=\"elementor-widget-container\">\n\t\t\t\t\t<h1 class=\"elementor-heading-title elementor-size-default\">Who we are<\/h1>\t\t\t\t<\/div>\n\t\t\t\t<\/div>\n\t\t\t\t<div class=\"elementor-element elementor-element-53ba6139 elementor-widget elementor-widget-text-editor\" data-id=\"53ba6139\" data-element_type=\"widget\" data-e-type=\"widget\" data-widget_type=\"text-editor.default\">\n\t\t\t\t<div class=\"elementor-widget-container\">\n\t\t\t\t\t\t\t\t\t<p>Codice Olfattivo non \u00e8 solo un progetto imprenditoriale ma \u00e8 anche un luogo di ricerca e di incontro per chi vive la profumeria artistica come linguaggio e non come tendenza. L\u2019idea che vogliamo trasmettere \u00e8 semplice ma radicale: aiutare ogni persona a riconoscere la propria identit\u00e0 olfattiva, il proprio \u201ccodice\u201d&#8230; il proprio DNA olfattivo. Perch\u00e9 sappiamo che non esiste una fragranza universale, ma esiste una risonanza profonda ed esclusiva tra profumo e individuo.<\/p><p>Creiamo brand di nicchia che condividono questo tipo di identit\u00e0 artistica e sosteniamo nuove realt\u00e0 nel loro percorso di crescita, privilegiando coerenza, qualit\u00e0 delle materie prime e autenticit\u00e0 narrativa. Non inseguiamo tendenze ma cerchiamo nuovi linguaggi.<\/p>\t\t\t\t\t\t\t\t<\/div>\n\t\t\t\t<\/div>\n\t\t\t\t<div class=\"elementor-element elementor-element-560e2409 elementor-widget elementor-widget-image\" data-id=\"560e2409\" data-element_type=\"widget\" data-e-type=\"widget\" data-widget_type=\"image.default\">\n\t\t\t\t<div class=\"elementor-widget-container\">\n\t\t\t\t\t\t\t\t\t\t\t\t\t\t\t<img decoding=\"async\" src=\"https:\/\/codiceolfattivo.com\/wp-content\/uploads\/elementor\/thumbs\/My-city-Monia-Biscioni-9-r4ca3rimdpvioan3u3nj1ksqw1knmwlr04mfczco3k.png\" title=\"My city - Monia Biscioni 9\" alt=\"My city - Monia Biscioni 9\" loading=\"lazy\" \/>\t\t\t\t\t\t\t\t\t\t\t\t\t\t\t<\/div>\n\t\t\t\t<\/div>\n\t\t\t\t<\/div>\n\t\t\t\t\t<\/div>\n\t\t\t\t<\/div>\n\t\t\t\t\t<\/div>\n\t\t\t\t<\/div>\n\t\t<div class=\"elementor-element elementor-element-40307992 e-flex e-con-boxed e-con e-parent\" data-id=\"40307992\" data-element_type=\"container\" data-e-type=\"container\" data-settings=\"{&quot;background_background&quot;:&quot;classic&quot;}\">\n\t\t\t\t\t<div class=\"e-con-inner\">\n\t\t<div class=\"elementor-element elementor-element-fbbf92c animated-fast e-flex e-con-boxed elementor-invisible e-con e-child\" data-id=\"fbbf92c\" data-element_type=\"container\" data-e-type=\"container\" data-settings=\"{&quot;animation&quot;:&quot;fadeIn&quot;,&quot;animation_delay&quot;:500}\">\n\t\t\t\t\t<div class=\"e-con-inner\">\n\t\t\t\t<div class=\"elementor-element elementor-element-3f60a2df elementor-widget elementor-widget-heading\" data-id=\"3f60a2df\" data-element_type=\"widget\" data-e-type=\"widget\" data-widget_type=\"heading.default\">\n\t\t\t\t<div class=\"elementor-widget-container\">\n\t\t\t\t\t<p class=\"elementor-heading-title elementor-size-default\">In Brief<\/p>\t\t\t\t<\/div>\n\t\t\t\t<\/div>\n\t\t\t\t<div class=\"elementor-element elementor-element-332ee37a elementor-widget__width-initial elementor-widget elementor-widget-heading\" data-id=\"332ee37a\" data-element_type=\"widget\" data-e-type=\"widget\" data-widget_type=\"heading.default\">\n\t\t\t\t<div class=\"elementor-widget-container\">\n\t\t\t\t\t<h1 class=\"elementor-heading-title elementor-size-default\">Olfactory code<\/h1>\t\t\t\t<\/div>\n\t\t\t\t<\/div>\n\t\t\t\t\t<\/div>\n\t\t\t\t<\/div>\n\t\t<div class=\"elementor-element elementor-element-70ba1a9c e-grid e-con-boxed e-con e-child\" data-id=\"70ba1a9c\" data-element_type=\"container\" data-e-type=\"container\">\n\t\t\t\t\t<div class=\"e-con-inner\">\n\t\t\t\t<div class=\"elementor-element elementor-element-56877958 elementor-view-stacked animated-fast elementor-shape-circle elementor-position-block-start elementor-mobile-position-block-start elementor-invisible elementor-widget elementor-widget-icon-box\" data-id=\"56877958\" data-element_type=\"widget\" data-e-type=\"widget\" data-settings=\"{&quot;_animation&quot;:&quot;fadeIn&quot;,&quot;_animation_delay&quot;:600}\" data-widget_type=\"icon-box.default\">\n\t\t\t\t<div class=\"elementor-widget-container\">\n\t\t\t\t\t\t\t<div class=\"elementor-icon-box-wrapper\">\n\n\t\t\t\t\t\t<div class=\"elementor-icon-box-icon\">\n\t\t\t\t<span  class=\"elementor-icon\">\n\t\t\t\t<i aria-hidden=\"true\" class=\"fas fa-clipboard-list\"><\/i>\t\t\t\t<\/span>\n\t\t\t<\/div>\n\t\t\t\n\t\t\t\t\t\t<div class=\"elementor-icon-box-content\">\n\n\t\t\t\t\t\t\t\t\t<h6 class=\"elementor-icon-box-title\">\n\t\t\t\t\t\t<span  >\n\t\t\t\t\t\t\tGoals\t\t\t\t\t\t<\/span>\n\t\t\t\t\t<\/h6>\n\t\t\t\t\n\t\t\t\t\t\t\t\t\t<p class=\"elementor-icon-box-description\">\n\t\t\t\t\t\tBecause we believe that perfume is not an accessory, but a deep personal emotion.\t\t\t\t\t<\/p>\n\t\t\t\t\n\t\t\t<\/div>\n\t\t\t\n\t\t<\/div>\n\t\t\t\t\t\t<\/div>\n\t\t\t\t<\/div>\n\t\t\t\t<div class=\"elementor-element elementor-element-2f3b5b04 elementor-view-stacked animated-fast elementor-shape-circle elementor-position-block-start elementor-mobile-position-block-start elementor-invisible elementor-widget elementor-widget-icon-box\" data-id=\"2f3b5b04\" data-element_type=\"widget\" data-e-type=\"widget\" data-settings=\"{&quot;_animation&quot;:&quot;fadeIn&quot;,&quot;_animation_delay&quot;:600}\" data-widget_type=\"icon-box.default\">\n\t\t\t\t<div class=\"elementor-widget-container\">\n\t\t\t\t\t\t\t<div class=\"elementor-icon-box-wrapper\">\n\n\t\t\t\t\t\t<div class=\"elementor-icon-box-icon\">\n\t\t\t\t<span  class=\"elementor-icon\">\n\t\t\t\t<i aria-hidden=\"true\" class=\"fas fa-certificate\"><\/i>\t\t\t\t<\/span>\n\t\t\t<\/div>\n\t\t\t\n\t\t\t\t\t\t<div class=\"elementor-icon-box-content\">\n\n\t\t\t\t\t\t\t\t\t<h6 class=\"elementor-icon-box-title\">\n\t\t\t\t\t\t<span  >\n\t\t\t\t\t\t\tExperience\t\t\t\t\t\t<\/span>\n\t\t\t\t\t<\/h6>\n\t\t\t\t\n\t\t\t\t\t\t\t\t\t<p class=\"elementor-icon-box-description\">\n\t\t\t\t\t\tMany years of experience in the field of artistic fragrance and olfactory design, \t\t\t\t\t<\/p>\n\t\t\t\t\n\t\t\t<\/div>\n\t\t\t\n\t\t<\/div>\n\t\t\t\t\t\t<\/div>\n\t\t\t\t<\/div>\n\t\t\t\t<div class=\"elementor-element elementor-element-7c326210 elementor-view-stacked animated-fast elementor-shape-circle elementor-position-block-start elementor-mobile-position-block-start elementor-invisible elementor-widget elementor-widget-icon-box\" data-id=\"7c326210\" data-element_type=\"widget\" data-e-type=\"widget\" data-settings=\"{&quot;_animation&quot;:&quot;fadeIn&quot;,&quot;_animation_delay&quot;:600}\" data-widget_type=\"icon-box.default\">\n\t\t\t\t<div class=\"elementor-widget-container\">\n\t\t\t\t\t\t\t<div class=\"elementor-icon-box-wrapper\">\n\n\t\t\t\t\t\t<div class=\"elementor-icon-box-icon\">\n\t\t\t\t<span  class=\"elementor-icon\">\n\t\t\t\t<i aria-hidden=\"true\" class=\"far fa-gem\"><\/i>\t\t\t\t<\/span>\n\t\t\t<\/div>\n\t\t\t\n\t\t\t\t\t\t<div class=\"elementor-icon-box-content\">\n\n\t\t\t\t\t\t\t\t\t<h6 class=\"elementor-icon-box-title\">\n\t\t\t\t\t\t<span  >\n\t\t\t\t\t\t\tQuality\t\t\t\t\t\t<\/span>\n\t\t\t\t\t<\/h6>\n\t\t\t\t\n\t\t\t\t\t\t\t\t\t<p class=\"elementor-icon-box-description\">\n\t\t\t\t\t\tSiamo una realt\u00e0 attenta alla qualit\u00e0 e al dettaglio.\t\t\t\t\t<\/p>\n\t\t\t\t\n\t\t\t<\/div>\n\t\t\t\n\t\t<\/div>\n\t\t\t\t\t\t<\/div>\n\t\t\t\t<\/div>\n\t\t\t\t\t<\/div>\n\t\t\t\t<\/div>\n\t\t<div class=\"elementor-element elementor-element-4b8d482 animated-fast e-flex e-con-boxed elementor-invisible e-con e-child\" data-id=\"4b8d482\" data-element_type=\"container\" data-e-type=\"container\" data-settings=\"{&quot;animation&quot;:&quot;fadeIn&quot;,&quot;animation_delay&quot;:500}\">\n\t\t\t\t\t<div class=\"e-con-inner\">\n\t\t\t\t\t<\/div>\n\t\t\t\t<\/div>\n\t\t\t\t\t<\/div>\n\t\t\t\t<\/div>\n\t\t\t\t<\/div>","protected":false},"excerpt":{"rendered":"<p>Codice olfattivo Chi siamo Codice Olfattivo non \u00e8 solo un progetto imprenditoriale ma \u00e8 anche un luogo di ricerca e di incontro per chi vive la profumeria artistica come linguaggio e non come tendenza. L\u2019idea che vogliamo trasmettere \u00e8 semplice ma radicale: aiutare ogni persona a riconoscere la propria identit\u00e0 olfattiva, il proprio \u201ccodice\u201d&#8230; il [&hellip;]<\/p>\n","protected":false},"author":1,"featured_media":0,"parent":0,"menu_order":0,"comment_status":"closed","ping_status":"closed","template":"","meta":{"footnotes":""},"class_list":["post-7495","page","type-page","status-publish","hentry"],"yoast_head":"<!-- This site is optimized with the Yoast SEO plugin v27.1.1 - https:\/\/yoast.com\/product\/yoast-seo-wordpress\/ -->\n<title>Chi siamo | Codice Olfattivo Profumi<\/title>\n<meta name=\"robots\" content=\"index, follow, max-snippet:-1, max-image-preview:large, max-video-preview:-1\" \/>\n<link rel=\"canonical\" href=\"https:\/\/codiceolfattivo.com\/en\/chi-siamo\/\" \/>\n<meta property=\"og:locale\" content=\"en_US\" \/>\n<meta property=\"og:type\" content=\"article\" \/>\n<meta property=\"og:title\" content=\"Chi siamo | Codice Olfattivo Profumi\" \/>\n<meta property=\"og:description\" content=\"Codice olfattivo Chi siamo Codice Olfattivo non \u00e8 solo un progetto imprenditoriale ma \u00e8 anche un luogo di ricerca e di incontro per chi vive la profumeria artistica come linguaggio e non come tendenza. L\u2019idea che vogliamo trasmettere \u00e8 semplice ma radicale: aiutare ogni persona a riconoscere la propria identit\u00e0 olfattiva, il proprio \u201ccodice\u201d&#8230; il [&hellip;]\" \/>\n<meta property=\"og:url\" content=\"https:\/\/codiceolfattivo.com\/en\/chi-siamo\/\" \/>\n<meta property=\"og:site_name\" content=\"Codice Olfattivo Profumi\" \/>\n<meta property=\"article:publisher\" content=\"https:\/\/www.facebook.com\/CodiceOlfattivoLuxuryFragrances\" \/>\n<meta property=\"article:modified_time\" content=\"2026-02-25T14:59:18+00:00\" \/>\n<meta property=\"og:image\" content=\"https:\/\/codiceolfattivo.com\/wp-content\/uploads\/2025\/03\/Screenshot-2025-03-29-alle-18.01.41.jpg\" \/>\n\t<meta property=\"og:image:width\" content=\"991\" \/>\n\t<meta property=\"og:image:height\" content=\"1200\" \/>\n\t<meta property=\"og:image:type\" content=\"image\/jpeg\" \/>\n<meta name=\"twitter:card\" content=\"summary_large_image\" \/>\n<meta name=\"twitter:label1\" content=\"Est. reading time\" \/>\n\t<meta name=\"twitter:data1\" content=\"1 minute\" \/>\n<script type=\"application\/ld+json\" class=\"yoast-schema-graph\">{\"@context\":\"https:\/\/schema.org\",\"@graph\":[{\"@type\":\"WebPage\",\"@id\":\"https:\/\/codiceolfattivo.com\/chi-siamo\/\",\"url\":\"https:\/\/codiceolfattivo.com\/chi-siamo\/\",\"name\":\"Chi siamo | Codice Olfattivo Profumi\",\"isPartOf\":{\"@id\":\"https:\/\/codiceolfattivo.com\/#website\"},\"primaryImageOfPage\":{\"@id\":\"https:\/\/codiceolfattivo.com\/chi-siamo\/#primaryimage\"},\"image\":{\"@id\":\"https:\/\/codiceolfattivo.com\/chi-siamo\/#primaryimage\"},\"thumbnailUrl\":\"https:\/\/codiceolfattivo.com\/wp-content\/uploads\/2025\/03\/Screenshot-2025-03-29-alle-18.01.41.jpg\",\"datePublished\":\"2025-05-05T13:25:54+00:00\",\"dateModified\":\"2026-02-25T14:59:18+00:00\",\"breadcrumb\":{\"@id\":\"https:\/\/codiceolfattivo.com\/chi-siamo\/#breadcrumb\"},\"inLanguage\":\"en-US\",\"potentialAction\":[{\"@type\":\"ReadAction\",\"target\":[\"https:\/\/codiceolfattivo.com\/chi-siamo\/\"]}]},{\"@type\":\"ImageObject\",\"inLanguage\":\"en-US\",\"@id\":\"https:\/\/codiceolfattivo.com\/chi-siamo\/#primaryimage\",\"url\":\"https:\/\/codiceolfattivo.com\/wp-content\/uploads\/2025\/03\/Screenshot-2025-03-29-alle-18.01.41.jpg\",\"contentUrl\":\"https:\/\/codiceolfattivo.com\/wp-content\/uploads\/2025\/03\/Screenshot-2025-03-29-alle-18.01.41.jpg\"},{\"@type\":\"BreadcrumbList\",\"@id\":\"https:\/\/codiceolfattivo.com\/chi-siamo\/#breadcrumb\",\"itemListElement\":[{\"@type\":\"ListItem\",\"position\":1,\"name\":\"Home\",\"item\":\"https:\/\/codiceolfattivo.com\/\"},{\"@type\":\"ListItem\",\"position\":2,\"name\":\"Chi siamo\"}]},{\"@type\":\"WebSite\",\"@id\":\"https:\/\/codiceolfattivo.com\/#website\",\"url\":\"https:\/\/codiceolfattivo.com\/\",\"name\":\"Codice Olfattivo Profumi\",\"description\":\"\",\"publisher\":{\"@id\":\"https:\/\/codiceolfattivo.com\/#organization\"},\"potentialAction\":[{\"@type\":\"SearchAction\",\"target\":{\"@type\":\"EntryPoint\",\"urlTemplate\":\"https:\/\/codiceolfattivo.com\/?s={search_term_string}\"},\"query-input\":{\"@type\":\"PropertyValueSpecification\",\"valueRequired\":true,\"valueName\":\"search_term_string\"}}],\"inLanguage\":\"en-US\"},{\"@type\":\"Organization\",\"@id\":\"https:\/\/codiceolfattivo.com\/#organization\",\"name\":\"Codice olfattivo\",\"url\":\"https:\/\/codiceolfattivo.com\/\",\"logo\":{\"@type\":\"ImageObject\",\"inLanguage\":\"en-US\",\"@id\":\"https:\/\/codiceolfattivo.com\/#\/schema\/logo\/image\/\",\"url\":\"https:\/\/codiceolfattivo.com\/wp-content\/uploads\/2022\/09\/Codice-olfattivo-1.webp\",\"contentUrl\":\"https:\/\/codiceolfattivo.com\/wp-content\/uploads\/2022\/09\/Codice-olfattivo-1.webp\",\"width\":287,\"height\":240,\"caption\":\"Codice olfattivo\"},\"image\":{\"@id\":\"https:\/\/codiceolfattivo.com\/#\/schema\/logo\/image\/\"},\"sameAs\":[\"https:\/\/www.facebook.com\/CodiceOlfattivoLuxuryFragrances\",\"https:\/\/www.instagram.com\/codice_olfattivo\/\",\"https:\/\/www.tiktok.com\/maximsrlfragrances\"]}]}<\/script>\n<!-- \/ Yoast SEO plugin. -->","yoast_head_json":{"title":"Chi siamo | Codice Olfattivo Profumi","robots":{"index":"index","follow":"follow","max-snippet":"max-snippet:-1","max-image-preview":"max-image-preview:large","max-video-preview":"max-video-preview:-1"},"canonical":"https:\/\/codiceolfattivo.com\/en\/chi-siamo\/","og_locale":"en_US","og_type":"article","og_title":"Chi siamo | Codice Olfattivo Profumi","og_description":"Codice olfattivo Chi siamo Codice Olfattivo non \u00e8 solo un progetto imprenditoriale ma \u00e8 anche un luogo di ricerca e di incontro per chi vive la profumeria artistica come linguaggio e non come tendenza. L\u2019idea che vogliamo trasmettere \u00e8 semplice ma radicale: aiutare ogni persona a riconoscere la propria identit\u00e0 olfattiva, il proprio \u201ccodice\u201d&#8230; il [&hellip;]","og_url":"https:\/\/codiceolfattivo.com\/en\/chi-siamo\/","og_site_name":"Codice Olfattivo Profumi","article_publisher":"https:\/\/www.facebook.com\/CodiceOlfattivoLuxuryFragrances","article_modified_time":"2026-02-25T14:59:18+00:00","og_image":[{"width":991,"height":1200,"url":"https:\/\/codiceolfattivo.com\/wp-content\/uploads\/2025\/03\/Screenshot-2025-03-29-alle-18.01.41.jpg","type":"image\/jpeg"}],"twitter_card":"summary_large_image","twitter_misc":{"Est. reading time":"1 minute"},"schema":{"@context":"https:\/\/schema.org","@graph":[{"@type":"WebPage","@id":"https:\/\/codiceolfattivo.com\/chi-siamo\/","url":"https:\/\/codiceolfattivo.com\/chi-siamo\/","name":"Chi siamo | Codice Olfattivo Profumi","isPartOf":{"@id":"https:\/\/codiceolfattivo.com\/#website"},"primaryImageOfPage":{"@id":"https:\/\/codiceolfattivo.com\/chi-siamo\/#primaryimage"},"image":{"@id":"https:\/\/codiceolfattivo.com\/chi-siamo\/#primaryimage"},"thumbnailUrl":"https:\/\/codiceolfattivo.com\/wp-content\/uploads\/2025\/03\/Screenshot-2025-03-29-alle-18.01.41.jpg","datePublished":"2025-05-05T13:25:54+00:00","dateModified":"2026-02-25T14:59:18+00:00","breadcrumb":{"@id":"https:\/\/codiceolfattivo.com\/chi-siamo\/#breadcrumb"},"inLanguage":"en-US","potentialAction":[{"@type":"ReadAction","target":["https:\/\/codiceolfattivo.com\/chi-siamo\/"]}]},{"@type":"ImageObject","inLanguage":"en-US","@id":"https:\/\/codiceolfattivo.com\/chi-siamo\/#primaryimage","url":"https:\/\/codiceolfattivo.com\/wp-content\/uploads\/2025\/03\/Screenshot-2025-03-29-alle-18.01.41.jpg","contentUrl":"https:\/\/codiceolfattivo.com\/wp-content\/uploads\/2025\/03\/Screenshot-2025-03-29-alle-18.01.41.jpg"},{"@type":"BreadcrumbList","@id":"https:\/\/codiceolfattivo.com\/chi-siamo\/#breadcrumb","itemListElement":[{"@type":"ListItem","position":1,"name":"Home","item":"https:\/\/codiceolfattivo.com\/"},{"@type":"ListItem","position":2,"name":"Chi siamo"}]},{"@type":"WebSite","@id":"https:\/\/codiceolfattivo.com\/#website","url":"https:\/\/codiceolfattivo.com\/","name":"Olfactory Code Perfumes","description":"","publisher":{"@id":"https:\/\/codiceolfattivo.com\/#organization"},"potentialAction":[{"@type":"SearchAction","target":{"@type":"EntryPoint","urlTemplate":"https:\/\/codiceolfattivo.com\/?s={search_term_string}"},"query-input":{"@type":"PropertyValueSpecification","valueRequired":true,"valueName":"search_term_string"}}],"inLanguage":"en-US"},{"@type":"Organization","@id":"https:\/\/codiceolfattivo.com\/#organization","name":"Olfactory code","url":"https:\/\/codiceolfattivo.com\/","logo":{"@type":"ImageObject","inLanguage":"en-US","@id":"https:\/\/codiceolfattivo.com\/#\/schema\/logo\/image\/","url":"https:\/\/codiceolfattivo.com\/wp-content\/uploads\/2022\/09\/Codice-olfattivo-1.webp","contentUrl":"https:\/\/codiceolfattivo.com\/wp-content\/uploads\/2022\/09\/Codice-olfattivo-1.webp","width":287,"height":240,"caption":"Codice olfattivo"},"image":{"@id":"https:\/\/codiceolfattivo.com\/#\/schema\/logo\/image\/"},"sameAs":["https:\/\/www.facebook.com\/CodiceOlfattivoLuxuryFragrances","https:\/\/www.instagram.com\/codice_olfattivo\/","https:\/\/www.tiktok.com\/maximsrlfragrances"]}]}},"_links":{"self":[{"href":"https:\/\/codiceolfattivo.com\/en\/wp-json\/wp\/v2\/pages\/7495","targetHints":{"allow":["GET"]}}],"collection":[{"href":"https:\/\/codiceolfattivo.com\/en\/wp-json\/wp\/v2\/pages"}],"about":[{"href":"https:\/\/codiceolfattivo.com\/en\/wp-json\/wp\/v2\/types\/page"}],"author":[{"embeddable":true,"href":"https:\/\/codiceolfattivo.com\/en\/wp-json\/wp\/v2\/users\/1"}],"replies":[{"embeddable":true,"href":"https:\/\/codiceolfattivo.com\/en\/wp-json\/wp\/v2\/comments?post=7495"}],"version-history":[{"count":43,"href":"https:\/\/codiceolfattivo.com\/en\/wp-json\/wp\/v2\/pages\/7495\/revisions"}],"predecessor-version":[{"id":8195,"href":"https:\/\/codiceolfattivo.com\/en\/wp-json\/wp\/v2\/pages\/7495\/revisions\/8195"}],"wp:attachment":[{"href":"https:\/\/codiceolfattivo.com\/en\/wp-json\/wp\/v2\/media?parent=7495"}],"curies":[{"name":"wp","href":"https:\/\/api.w.org\/{rel}","templated":true}]}}